{"id":104,"date":"2020-06-28T22:05:30","date_gmt":"2020-06-28T20:05:30","guid":{"rendered":"http:\/\/handball-belgern.de\/WordPress\/?page_id=104"},"modified":"2020-06-29T20:15:41","modified_gmt":"2020-06-29T18:15:41","slug":"geschichte","status":"publish","type":"page","link":"http:\/\/handball-belgern.de\/?page_id=104","title":{"rendered":"Geschichte"},"content":{"rendered":"\n<h3>Geschichte des Handballsports in Belgern <\/h3>\n\n\n\n<ul><li>1924 gegr\u00fcndet von Arbeitersportlern, Spiel wie \u00fcblich auf Gro\u00dffeld<\/li><li>leider gibt es keinerlei Informationen \u00fcber die ersten Mitglieder, Vereinsname, \u00fcber Spiele, Spielklassen und eventuelle Erfolge<\/li><li>erste verl\u00e4ssliche Berichte stammen aus den 50iger Jahren des 20.Jhd., als die Handballer aus Belgern meist im \u201eL\u00e4ndchen\u201c, sprich in Brandenburg (Plessa, Lauchhammer) unterwegs waren<\/li><li>Name war damals \u201eBSG Traktor Belgern\u201c<\/li><li>1958 gelang der Aufstieg in die Bezirksklasse auf dem Gro\u00dffeld mit Spielern wie Krause, M\u00fcller, Meilick, Gro\u00dfe<\/li><li>dadurch gewann man immer mehr Ansehen und es kam zu einem deutlichen Aufschwung in der Mitgliederzahl<\/li><li>in den folgenden Jahren wurde der Handball immer mehr vom Gro\u00dffeld auf das Kleinfeld bzw. in die Halle umgestellt. \u2192 war attraktiver und schneller<\/li><li>Ende der 60er Jahre gab es in Belgern 3 M\u00e4nner<\/li><li>und Nachwuchsmannschaften<\/li><li>da eine spielf\u00e4hige Halle in Belgern fehlte, bestritt man alle Pflichtspiele ausw\u00e4rts<\/li><li>auch mit dem Bau des Kleinfeldplatzes 1968 im D\u00f6hner \u00e4nderte sich die Situation nicht wesentlich<\/li><li>daher kam es 1971 zum freiwilligen R\u00fcckzug aller Mannschaften aus dem Bezirksma\u00dfstab, denn die finanzielle Belastung war einfach zu gro\u00df<\/li><li>1974 wurde mit einem Vereinsfest und Freundschaftsvergleichen auf dem Kleinfeld im D\u00f6hner das \u201e50.\u201c Jubil\u00e4um gefeiert<\/li><li>von 1971 bis 1994 spielten die Rolandst\u00e4dter Mannschaften im Kreisma\u00dfstab und hier in den unterschiedlichsten Kreisunionen \u2192 mal mit den Kreisen Herzberg\/Luckau\/Jessen, dann wieder mit Eilenburg und auch mit Delitzsch gab es Verbindungen<\/li><li>alle Partien mussten jedoch ausw\u00e4rts bestritten werden und dies war der Mitgliederzahl nicht sonderlich f\u00f6rderlich, so sank die Zahl der Vereinsmitglieder st\u00e4ndig, insbesondere die Nachwuchssorgen sind seitdem ein st\u00e4ndiger Begleiter<\/li><li>nur noch einige Jahrg\u00e4nge gab es seitdem in Belgern<\/li><li>dennoch konnten die Belgeraner viele Kreismeistertitel und Pokalerfolge verzeichnen, gewannen bei den Spartakiaden viele Medaillen<\/li><li>nach der politischen Wende verbesserten sich die Bedingungen etwas \u2192 in der Kreisstadt Torgau wurden mehrere gro\u00dfe Hallen gebaut, welche auch die Belgeraner nutzen konnten<\/li><li>diese besseren Trainingsbedingungen schlugen sich auch in den Leistungen nieder<\/li><li>1994 wurde nach 23 erfolglosen Versuchen der Aufstieg in die Bezirksklasse Leipzig geschafft \u2192 p\u00fcnktlich zum \u201e70.\u201c Vereinsjubil\u00e4um<\/li><li>von 1996-1998 spielte der SV Roland (neuer Name seit 1991) sogar in der Bezirksliga und erreichte im Februar\/M\u00e4rz 1997 mit einem 2.Platz die beste Platzierung<\/li><li>folgende Spieler waren daran beteiligt: H.J\u00e4schke, B.Gro\u00dfe, A.und F.Haase, A.Weimann, T.Schaller, F.Tondok, P.Fl\u00e4mig, E.,W. und S.Meilick, T.Eichenberger, J.Lehmann, M.We\u00dfner, J.Bl\u00fcthgen, J. und St.Gro\u00dfe<\/li><li>1996 belegte Torwart Holger J\u00e4schke bei der traditionellen Sportlerumfrage des Kreises Torgau den 1.Platz<\/li><li>Ende der 90er Jahre gab es kurzzeitig eine Jungen<\/li><li>und eine M\u00e4dchennach- wuchsmannschaft<\/li><li>zudem gab es Hoffnung f\u00fcr den Bau einer Sporthalle in unserer Rolandstadt<\/li><\/ul>\n\n\n\n<h3>Die Jahre nach dem Milleniumswechsel  <\/h3>\n\n\n\n<ul><li>Belgern zun\u00e4chst weiter im Bezirksma\u00dfstab und man versuchte einen personellen Umbruch<\/li><li>gestandene Spieler nahmen sich zur\u00fcck und j\u00fcngere sollten nachr\u00fccken<\/li><li>mehrfach versuchte man eine 2.M\u00e4nnermannschaft ins Leben zu rufen \u2013 Probleme!<\/li><li>dann Grundsteinlegung f\u00fcr die neue Halle (Juli 2001) \u2013 05.04.2002 und am 27.04.02 eingeweiht<\/li><li>somit fand am 18.04.2002 das letzte Heimpunktspiel in Torgau statt<\/li><li>das Highlight fand am 08.09. 2002 mit dem Benefizspiel gegen Conc. Delitzsch (damals 2.Bundesliga) statt \u2192 mit allen Stars angereist (sp\u00e4ter L.Kaufmann \u2013 WELTMEISTER, S.Heinevetter, R.G\u00f6de) \u2192 UNVERGESSLICH<\/li><li>14.09.2002 die Heimpremiere<\/li><li>1. Heimpunktspiel<\/li><li>gegen THL\/Motor West \u2192 Sieg mit 29:24<\/li><li>leider stand eine Saison sp\u00e4ter, am 04.04.03, der Abstieg aus dem Bezirk fest \u2192 GR\u00dcNDE: personeller Aderlass, wie Verletzungen, Arbeit, Einstellungsfragen<\/li><li>seitdem in der Kreisklasse D\u00f6beln \u2192 beste Platzierung Kreismeister 2006\/2007<\/li><li>seit 2004 wieder Nachwuchsmannschaft (ml.) unter Trainer F.Haase und J.Bl\u00fcthgen lernten 15 Jungen das Handball \u2013 ABC<\/li><li>weiteres Highlight: nachdem die Alten-Herren 2005 beim eigenen Pfingstturnier mit dem Sieg f\u00fcr eine \u00dcberraschung sorgten, wurden sie am 20.08.2005 in unserer Halle BEZIRKSMEISTER \u00dc 40 \u2013 leider wurden in dem Jahr die Landesmeisterschaften nicht ausgespielt (B.Gro\u00dfe, F.Tondok, E.und W.Meilick, S.V\u00f6lkner, J.und S.Gro\u00dfe von Belgern und T.Richter, D.Stramm und T.Wiedermann aus Torgau)<\/li><li>seit 2007 trainiert F.Tondok die j\u00fcngsten Nachwuchsspieler D-, C-Jugend<\/li><li>im August 2009 wurde in geb\u00fchrenden Rahmen das 85. Vereinsjubil\u00e4um gefeiert<\/li><\/ul>\n\n\n\n<h3> Vereinsvorsitzende seit 1924: <\/h3>\n\n\n\n<ol><li>Puttend\u00f6rfer, Werner<\/li><li>Jurke, Bernhard<\/li><li>Thieme, Bringfried<\/li><li>Meilick, Werner<\/li><li>Wieczorek, Michael<\/li><li>Meilick, Erhard<\/li><li>Gro\u00dfe, Steffen (seit Februar 2008)<\/li><\/ol>\n","protected":false},"excerpt":{"rendered":"<p>Geschichte des Handballsports in Belgern 1924 gegr\u00fcndet von Arbeitersportlern, Spiel wie \u00fcblich auf Gro\u00dffeld leider gibt es keinerlei Informationen \u00fcber die ersten Mitglieder, Vereinsname, \u00fcber Spiele, Spielklassen und eventuelle Erfolge erste verl\u00e4ssliche Berichte stammen aus den 50iger Jahren des 20.Jhd., als die Handballer aus Belgern meist im \u201eL\u00e4ndchen\u201c, sprich in Brandenburg (Plessa, Lauchhammer) unterwegs waren [&hellip;]<\/p>\n","protected":false},"author":3,"featured_media":0,"parent":103,"menu_order":0,"comment_status":"closed","ping_status":"closed","template":"","meta":[],"_links":{"self":[{"href":"http:\/\/handball-belgern.de\/index.php?rest_route=\/wp\/v2\/pages\/104"}],"collection":[{"href":"http:\/\/handball-belgern.de\/index.php?rest_route=\/wp\/v2\/pages"}],"about":[{"href":"http:\/\/handball-belgern.de\/index.php?rest_route=\/wp\/v2\/types\/page"}],"author":[{"embeddable":true,"href":"http:\/\/handball-belgern.de\/index.php?rest_route=\/wp\/v2\/users\/3"}],"replies":[{"embeddable":true,"href":"http:\/\/handball-belgern.de\/index.php?rest_route=%2Fwp%2Fv2%2Fcomments&post=104"}],"version-history":[{"count":3,"href":"http:\/\/handball-belgern.de\/index.php?rest_route=\/wp\/v2\/pages\/104\/revisions"}],"predecessor-version":[{"id":649,"href":"http:\/\/handball-belgern.de\/index.php?rest_route=\/wp\/v2\/pages\/104\/revisions\/649"}],"up":[{"embeddable":true,"href":"http:\/\/handball-belgern.de\/index.php?rest_route=\/wp\/v2\/pages\/103"}],"wp:attachment":[{"href":"http:\/\/handball-belgern.de\/index.php?rest_route=%2Fwp%2Fv2%2Fmedia&parent=104"}],"curies":[{"name":"wp","href":"https:\/\/api.w.org\/{rel}","templated":true}]}}